{"id":57,"date":"2024-04-19T13:05:06","date_gmt":"2024-04-19T13:05:06","guid":{"rendered":"https:\/\/gpcnutrition.wpenginepowered.com\/?page_id=57"},"modified":"2025-05-28T19:15:35","modified_gmt":"2025-05-28T19:15:35","slug":"slide-3","status":"publish","type":"page","link":"https:\/\/gpcknowyournumbers.com\/fr\/slide-3\/","title":{"rendered":"diapositive 3"},"content":{"rendered":"<p>[et_pb_section fb_built=&#8221;1&#8243; _builder_version=&#8221;4.25.0&#8243; _module_preset=&#8221;default&#8221; custom_padding=&#8221;0px||65px||false|false&#8221; locked=&#8221;off&#8221; collapsed=&#8221;on&#8221; global_colors_info=&#8221;{}&#8221;][et_pb_row _builder_version=&#8221;4.25.0&#8243; _module_preset=&#8221;default&#8221; background_color=&#8221;#0C71C3&#8243; custom_padding=&#8221;0px||0px||false|false&#8221; global_colors_info=&#8221;{}&#8221;][et_pb_column type=&#8221;4_4&#8243; _builder_version=&#8221;4.25.0&#8243; _module_preset=&#8221;default&#8221; global_colors_info=&#8221;{}&#8221;][et_pb_heading title=&#8221;Body Mass Index (BMI)&#8221; _builder_version=&#8221;4.25.0&#8243; _module_preset=&#8221;20215759-db85-4eba-b425-c31d626c80e2&#8243; title_font=&#8221;Roboto Condensed|&#8211;et_global_heading_font_weight||on|||||&#8221; title_font_size=&#8221;43px&#8221; background_color=&#8221;#0C71C3&#8243; background_image=&#8221;https:\/\/gpcknowyournumbers.com\/wp-content\/uploads\/2025\/05\/numbers-page-banner.jpg&#8221; custom_margin=&#8221;-10px||||false|false&#8221; border_width_bottom=&#8221;0px&#8221; border_color_bottom=&#8221;#ec1d27&#8243; global_colors_info=&#8221;{}&#8221;][\/et_pb_heading][\/et_pb_column][\/et_pb_row][et_pb_row column_structure=&#8221;1_4,3_4&#8243; use_custom_gutter=&#8221;on&#8221; gutter_width=&#8221;2&#8243; custom_padding_last_edited=&#8221;on|phone&#8221; _builder_version=&#8221;4.25.0&#8243; _module_preset=&#8221;default&#8221; background_color=&#8221;#FFFFFF&#8221; use_background_color_gradient=&#8221;on&#8221; background_color_gradient_stops=&#8221;#eaecef 0%|#ffffff 97%&#8221; custom_padding=&#8221;|3.7em||3.7em|false|true&#8221; custom_padding_tablet=&#8221;|1.7em||1.7em|false|true&#8221; custom_padding_phone=&#8221;|1.7em||1.7em|false|true&#8221; global_colors_info=&#8221;{}&#8221;][et_pb_column type=&#8221;1_4&#8243; _builder_version=&#8221;4.25.0&#8243; _module_preset=&#8221;default&#8221; custom_padding=&#8221;|0px||0px|false|false&#8221; custom_padding_tablet=&#8221;|10px||10px|false|false&#8221; custom_padding_phone=&#8221;|0px||0px|false|false&#8221; custom_padding_last_edited=&#8221;on|desktop&#8221; custom_css_main_element=&#8221;width: 15% !important&#8221; global_colors_info=&#8221;{}&#8221;][et_pb_image src=&#8221;https:\/\/gpcknowyournumbers.com\/wp-content\/uploads\/2025\/05\/blood-pressure_k.png&#8221; title_text=&#8221;blood-pressure_k&#8221; _builder_version=&#8221;4.25.0&#8243; _module_preset=&#8221;70909edd-bfca-4fc6-bb73-40340a435464&#8243; global_colors_info=&#8221;{}&#8221;][\/et_pb_image][et_pb_image src=&#8221;https:\/\/gpcknowyournumbers.com\/wp-content\/uploads\/2025\/05\/blood-sugar_k.png&#8221; title_text=&#8221;blood-sugar_k&#8221; _builder_version=&#8221;4.25.0&#8243; _module_preset=&#8221;70909edd-bfca-4fc6-bb73-40340a435464&#8243; global_colors_info=&#8221;{}&#8221;][\/et_pb_image][et_pb_image src=&#8221;https:\/\/gpcknowyournumbers.com\/wp-content\/uploads\/2025\/05\/BMI.png&#8221; title_text=&#8221;BMI&#8221; _builder_version=&#8221;4.25.0&#8243; _module_preset=&#8221;70909edd-bfca-4fc6-bb73-40340a435464&#8243; global_colors_info=&#8221;{}&#8221;][\/et_pb_image][et_pb_image src=&#8221;https:\/\/gpcknowyournumbers.com\/wp-content\/uploads\/2025\/05\/HDL-LDL_k.png&#8221; title_text=&#8221;HDL-LDL_k&#8221; _builder_version=&#8221;4.25.0&#8243; _module_preset=&#8221;70909edd-bfca-4fc6-bb73-40340a435464&#8243; global_colors_info=&#8221;{}&#8221;][\/et_pb_image][et_pb_image src=&#8221;https:\/\/gpcknowyournumbers.com\/wp-content\/uploads\/2025\/05\/total-cholesterol_k.png&#8221; title_text=&#8221;total-cholesterol_k&#8221; _builder_version=&#8221;4.25.0&#8243; _module_preset=&#8221;70909edd-bfca-4fc6-bb73-40340a435464&#8243; global_colors_info=&#8221;{}&#8221;][\/et_pb_image][et_pb_image src=&#8221;https:\/\/gpcknowyournumbers.com\/wp-content\/uploads\/2025\/05\/triglycerides_k.png&#8221; title_text=&#8221;triglycerides_k&#8221; _builder_version=&#8221;4.25.0&#8243; _module_preset=&#8221;70909edd-bfca-4fc6-bb73-40340a435464&#8243; global_colors_info=&#8221;{}&#8221;][\/et_pb_image][\/et_pb_column][et_pb_column type=&#8221;3_4&#8243; _builder_version=&#8221;4.25.0&#8243; _module_preset=&#8221;default&#8221; custom_padding=&#8221;|0px||0px|false|false&#8221; custom_padding_tablet=&#8221;|10px||10px|false|false&#8221; custom_padding_phone=&#8221;|0px||0px|false|false&#8221; custom_padding_last_edited=&#8221;on|desktop&#8221; custom_css_main_element=&#8221;width: 80% !important;&#8221; global_colors_info=&#8221;{}&#8221; custom_css_main_element_last_edited=&#8221;on|phone&#8221; custom_css_main_element_phone=&#8221;width: 100% !important;&#8221; custom_css_main_element_tablet=&#8221;width: 80% !important;&#8221;][et_pb_text _builder_version=&#8221;4.25.0&#8243; _module_preset=&#8221;26d33934-52df-4a9a-a939-4a8cd90c2eca&#8221; header_2_font_size=&#8221;24px&#8221; header_2_line_height=&#8221;1.2em&#8221; custom_margin=&#8221;|0px|||false|false&#8221; custom_padding=&#8221;|0px|||false|false&#8221; hover_enabled=&#8221;0&#8243; global_colors_info=&#8221;{}&#8221; sticky_enabled=&#8221;0&#8243;]<\/p>\n<p>L'IMC compare votre taille \u00e0 votre poids. Un IMC \u00e9lev\u00e9 augmente le risque d'hypertension art\u00e9rielle, de maladie coronarienne, d'accident vasculaire c\u00e9r\u00e9bral, d'arthrose, de diab\u00e8te et de certains cancers.<\/p>\n<p><strong>Sachez dans quelle fourchette vous vous situez<\/strong><\/p>\n<ul>\n<li><strong>Insuffisance pond\u00e9rale :<\/strong> Inf\u00e9rieur \u00e0 18,5<\/li>\n<li><strong>Normal : <\/strong>18.5 - 24.9<\/li>\n<li><strong>Surcharge pond\u00e9rale : <\/strong>25.0 - 29.9<\/li>\n<li><strong>Ob\u00e8se : <\/strong>30.0 et plus<\/li>\n<\/ul>\n<p><strong>Maintenir un IMC sain<\/strong><\/p>\n<ul>\n<li><strong>Fixer des objectifs r\u00e9alistes.<\/strong> Maintenir une perte de poids demande beaucoup d'efforts, alors assurez-vous de vous fixer un objectif r\u00e9alisable.<\/li>\n<li><strong>Contr\u00f4lez vos progr\u00e8s.<\/strong> En gardant une trace de vos progr\u00e8s, vous augmentez vos chances de r\u00e9ussite.<\/li>\n<li><strong>En savoir plus sur la nutrition et la planification des repas.<\/strong> Choisissez ensuite un r\u00e9gime que vous pourrez suivre au moins pendant le d\u00e9but de votre programme de perte de poids.<\/li>\n<li><strong><\/strong><strong>Exercice.<\/strong> Commencez lentement et augmentez progressivement.<\/li>\n<li><strong>Parlez-en \u00e0 un m\u00e9decin.<\/strong> Si les changements apport\u00e9s \u00e0 votre mode de vie ne suffisent pas, il peut \u00eatre utile de consulter un m\u00e9decin.<\/li>\n<li><strong>Restez positif.<\/strong> Les petits changements font la diff\u00e9rence et s'additionnent.<\/li>\n<\/ul>\n<p>&nbsp;<\/p>\n<p>&nbsp;<\/p>\n<p>&nbsp;<\/p>\n<p>[\/et_pb_text][\/et_pb_column][\/et_pb_row][et_pb_row column_structure=&#8221;1_3,1_3,1_3&#8243; custom_padding_last_edited=&#8221;on|tablet&#8221; _builder_version=&#8221;4.25.0&#8243; _module_preset=&#8221;default&#8221; custom_margin=&#8221;0px||||false|false&#8221; custom_padding=&#8221;0px||||false|false&#8221; custom_padding_tablet=&#8221;&#8221; custom_padding_phone=&#8221;&#8221; animation_style=&#8221;fade&#8221; animation_delay=&#8221;600ms&#8221; global_colors_info=&#8221;{}&#8221; custom_css_main_element_last_edited=&#8221;on|phone&#8221; custom_css_main_element_tablet=&#8221;display: flex;&#8221; custom_css_main_element_phone=&#8221;display: flex;||flex-wrap: wrap;&#8221;][et_pb_column type=&#8221;1_3&#8243; _builder_version=&#8221;4.25.0&#8243; _module_preset=&#8221;default&#8221; custom_padding_tablet=&#8221;&#8221; custom_padding_phone=&#8221;||||false|false&#8221; custom_padding_last_edited=&#8221;on|phone&#8221; global_colors_info=&#8221;{}&#8221; custom_css_main_element_last_edited=&#8221;on|phone&#8221; custom_css_main_element_phone=&#8221;width: 50% !important;&#8221;][et_pb_image src=&#8221;https:\/\/gpcknowyournumbers.com\/wp-content\/uploads\/2025\/05\/back-btn.jpg&#8221; title_text=&#8221;back-btn&#8221; url=&#8221;\/slide-2\/&#8221; _builder_version=&#8221;4.25.0&#8243; _module_preset=&#8221;default&#8221; width=&#8221;35%&#8221; module_alignment=&#8221;center&#8221; global_colors_info=&#8221;{}&#8221;][\/et_pb_image][\/et_pb_column][et_pb_column type=&#8221;1_3&#8243; _builder_version=&#8221;4.25.0&#8243; _module_preset=&#8221;default&#8221; global_colors_info=&#8221;{}&#8221; custom_css_main_element_last_edited=&#8221;on|desktop&#8221; custom_css_main_element_phone=&#8221;order: 3;&#8221;][et_pb_text _builder_version=&#8221;4.25.0&#8243; _module_preset=&#8221;default&#8221; text_font=&#8221;||on||||||&#8221; text_text_color=&#8221;#051a84&#8243; text_font_size=&#8221;17px&#8221; custom_padding=&#8221;42px||||false|false&#8221; global_colors_info=&#8221;{}&#8221;]<\/p>\n<p style=\"text-align: center;\"><strong>Diapositive 3 de 7<\/strong><\/p>\n<p>[\/et_pb_text][\/et_pb_column][et_pb_column type=&#8221;1_3&#8243; _builder_version=&#8221;4.25.0&#8243; _module_preset=&#8221;default&#8221; global_colors_info=&#8221;{}&#8221; custom_css_main_element_last_edited=&#8221;on|phone&#8221; custom_css_main_element_phone=&#8221;order: 2;||width: 50% !important;&#8221;][et_pb_image src=&#8221;https:\/\/gpcknowyournumbers.com\/wp-content\/uploads\/2025\/05\/next-btn.png&#8221; title_text=&#8221;next-btn&#8221; url=&#8221;\/slide-4\/&#8221; _builder_version=&#8221;4.25.0&#8243; _module_preset=&#8221;default&#8221; width=&#8221;35%&#8221; module_alignment=&#8221;center&#8221; global_colors_info=&#8221;{}&#8221;][\/et_pb_image][\/et_pb_column][\/et_pb_row][\/et_pb_section]<\/p>","protected":false},"excerpt":{"rendered":"<p>BMI compares your height to your weight. A higher BMI increases the risk of high blood pressure, coronary artery disease, stroke, osteoarthritis, diabetes and some cancers. Know What Range You Are In Underweight: Below 18.5 Normal: 18.5 \u2013 24.9 Overweight: 25.0 \u2013 29.9 Obese: 30.0 and above Maintain a Healthy BMI Set realistic goals. Maintaining [&hellip;]<\/p>","protected":false},"author":2,"featured_media":0,"parent":0,"menu_order":0,"comment_status":"closed","ping_status":"closed","template":"","meta":{"_et_pb_use_builder":"on","_et_pb_old_content":"","_et_gb_content_width":"","footnotes":""},"dipi_cpt_category":[],"class_list":["post-57","page","type-page","status-publish","hentry"],"_links":{"self":[{"href":"https:\/\/gpcknowyournumbers.com\/fr\/wp-json\/wp\/v2\/pages\/57","targetHints":{"allow":["GET"]}}],"collection":[{"href":"https:\/\/gpcknowyournumbers.com\/fr\/wp-json\/wp\/v2\/pages"}],"about":[{"href":"https:\/\/gpcknowyournumbers.com\/fr\/wp-json\/wp\/v2\/types\/page"}],"author":[{"embeddable":true,"href":"https:\/\/gpcknowyournumbers.com\/fr\/wp-json\/wp\/v2\/users\/2"}],"replies":[{"embeddable":true,"href":"https:\/\/gpcknowyournumbers.com\/fr\/wp-json\/wp\/v2\/comments?post=57"}],"version-history":[{"count":0,"href":"https:\/\/gpcknowyournumbers.com\/fr\/wp-json\/wp\/v2\/pages\/57\/revisions"}],"wp:attachment":[{"href":"https:\/\/gpcknowyournumbers.com\/fr\/wp-json\/wp\/v2\/media?parent=57"}],"wp:term":[{"taxonomy":"dipi_cpt_category","embeddable":true,"href":"https:\/\/gpcknowyournumbers.com\/fr\/wp-json\/wp\/v2\/dipi_cpt_category?post=57"}],"curies":[{"name":"wp","href":"https:\/\/api.w.org\/{rel}","templated":true}]}}