{"id":249,"date":"2026-05-01T01:42:08","date_gmt":"2026-05-01T01:42:08","guid":{"rendered":"https:\/\/gpcknowyournumbers.com\/?page_id=249"},"modified":"2026-05-01T01:47:10","modified_gmt":"2026-05-01T01:47:10","slug":"kyn-video","status":"publish","type":"page","link":"https:\/\/gpcknowyournumbers.com\/ca\/fr\/kyn-video\/","title":{"rendered":"KYN Video"},"content":{"rendered":"<p>[et_pb_section fb_built=&#8221;1&#8243; custom_padding_last_edited=&#8221;on|phone&#8221; _builder_version=&#8221;4.25.0&#8243; _module_preset=&#8221;default&#8221; custom_padding_tablet=&#8221;0px||||false|false&#8221; custom_padding_phone=&#8221;0px||||false|false&#8221; global_colors_info=&#8221;{}&#8221;][et_pb_row _builder_version=&#8221;4.25.0&#8243; _module_preset=&#8221;default&#8221; width_tablet=&#8221;100%&#8221; width_phone=&#8221;100%&#8221; width_last_edited=&#8221;on|phone&#8221; max_width_tablet=&#8221;100%&#8221; max_width_phone=&#8221;100%&#8221; max_width_last_edited=&#8221;on|desktop&#8221; custom_padding=&#8221;0px||0px||false|false&#8221; global_colors_info=&#8221;{}&#8221;][et_pb_column type=&#8221;4_4&#8243; _builder_version=&#8221;4.22.0&#8243; _module_preset=&#8221;default&#8221; global_colors_info=&#8221;{}&#8221;][et_pb_image src=&#8221;https:\/\/gpcknowyournumbers.com\/wp-content\/uploads\/2026\/04\/KYN_video-page_banner-scaled.jpg&#8221; alt=&#8221;Know Your Numbers&#8221; title_text=&#8221;Know Your Numbers&#8221; _builder_version=&#8221;4.25.0&#8243; _module_preset=&#8221;default&#8221; max_width=&#8221;100%&#8221; module_alignment=&#8221;center&#8221; border_color_bottom=&#8221;#D83833&#8243; global_colors_info=&#8221;{}&#8221;][\/et_pb_image][\/et_pb_column][\/et_pb_row][et_pb_row use_custom_gutter=&#8221;on&#8221; gutter_width=&#8221;1&#8243; make_equal=&#8221;on&#8221; _builder_version=&#8221;4.25.0&#8243; _module_preset=&#8221;default&#8221; use_background_color_gradient=&#8221;on&#8221; background_color_gradient_stops=&#8221;#f9de98 0%|#ffffff 94%&#8221; width_tablet=&#8221;100%&#8221; width_phone=&#8221;100%&#8221; width_last_edited=&#8221;on|phone&#8221; max_width_tablet=&#8221;100%&#8221; max_width_phone=&#8221;100%&#8221; max_width_last_edited=&#8221;on|tablet&#8221; custom_padding=&#8221;0px||0px||false|false&#8221; border_color_bottom=&#8221;#000000&#8243; global_colors_info=&#8221;{}&#8221;][et_pb_column type=&#8221;4_4&#8243; _builder_version=&#8221;4.22.0&#8243; _module_preset=&#8221;default&#8221; custom_padding=&#8221;1em||||false|false&#8221; custom_padding_tablet=&#8221;0em||||false|false&#8221; custom_padding_phone=&#8221;0em||||false|false&#8221; custom_padding_last_edited=&#8221;on|tablet&#8221; global_colors_info=&#8221;{}&#8221;][et_pb_code _builder_version=&#8221;4.25.0&#8243; _module_preset=&#8221;default&#8221; custom_margin=&#8221;9px||||false|false&#8221; custom_padding=&#8221;|26px||26px|false|false&#8221; hover_enabled=&#8221;0&#8243; global_colors_info=&#8221;{}&#8221; sticky_enabled=&#8221;0&#8243;]<\/p>\n<style><!-- [et_pb_line_break_holder] -->.kyn-video {<!-- [et_pb_line_break_holder] -->  font-family: inherit;<!-- [et_pb_line_break_holder] -->  color: #222;<!-- [et_pb_line_break_holder] -->}<!-- [et_pb_line_break_holder] -->.kyn-video__intro {<!-- [et_pb_line_break_holder] -->  font-size: 17px;<!-- [et_pb_line_break_holder] -->  font-weight: 700;<!-- [et_pb_line_break_holder] -->  color: #222;<!-- [et_pb_line_break_holder] -->  line-height: 1.5;<!-- [et_pb_line_break_holder] -->  margin: 0 0 20px;<!-- [et_pb_line_break_holder] -->}<!-- [et_pb_line_break_holder] -->.kyn-video__player {<!-- [et_pb_line_break_holder] -->  width: 100%;<!-- [et_pb_line_break_holder] -->  aspect-ratio: 16 \/ 9;<!-- [et_pb_line_break_holder] -->  margin-bottom: 16px;<!-- [et_pb_line_break_holder] -->  background: #000;<!-- [et_pb_line_break_holder] -->  border-radius: 4px;<!-- [et_pb_line_break_holder] -->  overflow: hidden;<!-- [et_pb_line_break_holder] -->  position: relative;<!-- [et_pb_line_break_holder] -->}<!-- [et_pb_line_break_holder] -->.kyn-video__player iframe {<!-- [et_pb_line_break_holder] -->  width: 100%;<!-- [et_pb_line_break_holder] -->  height: 100%;<!-- [et_pb_line_break_holder] -->  border: 0;<!-- [et_pb_line_break_holder] -->  display: block;<!-- [et_pb_line_break_holder] -->}<!-- [et_pb_line_break_holder] -->.kyn-video__hint {<!-- [et_pb_line_break_holder] -->  font-size: 17px;<!-- [et_pb_line_break_holder] -->  font-weight: 700;<!-- [et_pb_line_break_holder] -->  font-style: italic;<!-- [et_pb_line_break_holder] -->  color: #222;<!-- [et_pb_line_break_holder] -->  text-align: center;<!-- [et_pb_line_break_holder] -->  margin: 0 0 24px;<!-- [et_pb_line_break_holder] -->  transition: opacity 0.3s ease;<!-- [et_pb_line_break_holder] -->}<!-- [et_pb_line_break_holder] -->.kyn-video__hint.is-hidden { display: none; }<!-- [et_pb_line_break_holder] -->.kyn-video__footer {<!-- [et_pb_line_break_holder] -->  display: flex;<!-- [et_pb_line_break_holder] -->  justify-content: flex-end;<!-- [et_pb_line_break_holder] -->  align-items: center;<!-- [et_pb_line_break_holder] -->  padding-top: 24px;<!-- [et_pb_line_break_holder] -->  border-top: 1px solid #EAEAEA;<!-- [et_pb_line_break_holder] -->  margin-top: 8px;<!-- [et_pb_line_break_holder] -->}<!-- [et_pb_line_break_holder] -->.kyn-video__next {<!-- [et_pb_line_break_holder] -->  background: #1A3C7B;<!-- [et_pb_line_break_holder] -->  color: #FFC72E;<!-- [et_pb_line_break_holder] -->  border: none;<!-- [et_pb_line_break_holder] -->  font-weight: 800;<!-- [et_pb_line_break_holder] -->  font-size: 18px;<!-- [et_pb_line_break_holder] -->  letter-spacing: 0.04em;<!-- [et_pb_line_break_holder] -->  padding: 16px 48px;<!-- [et_pb_line_break_holder] -->  border-radius: 999px;<!-- [et_pb_line_break_holder] -->  cursor: pointer;<!-- [et_pb_line_break_holder] -->  font-family: inherit;<!-- [et_pb_line_break_holder] -->  transition: color 0.2s ease, transform 0.1s ease, opacity 0.4s ease;<!-- [et_pb_line_break_holder] -->  opacity: 0;<!-- [et_pb_line_break_holder] -->  pointer-events: none;<!-- [et_pb_line_break_holder] -->}<!-- [et_pb_line_break_holder] -->.kyn-video__next.is-ready {<!-- [et_pb_line_break_holder] -->  opacity: 1;<!-- [et_pb_line_break_holder] -->  pointer-events: auto;<!-- [et_pb_line_break_holder] -->}<!-- [et_pb_line_break_holder] -->.kyn-video__next:hover { color: #FFFFFF; }<!-- [et_pb_line_break_holder] -->.kyn-video__next:active { transform: scale(0.98); }<!-- [et_pb_line_break_holder] --><\/style>\n<p><!-- [et_pb_line_break_holder] --> <!-- [et_pb_line_break_holder] --><\/p>\n<div class=\"kyn-video\" id=\"kyn-video-root\"><!-- [et_pb_line_break_holder] --> <!-- [et_pb_line_break_holder] -->  <pee class=\"kyn-video__intro\">Regardez la vid\u00e9o pour en apprendre davantage sur les plages saines des principaux chiffres sant\u00e9. Cliquez ensuite sur Suivant pour r\u00e9pondre au questionnaire Connaissez vos chiffres.<\/pee><!-- [et_pb_line_break_holder] --> <!-- [et_pb_line_break_holder] -->  <\/p>\n<div class=\"kyn-video__player\"><!-- [et_pb_line_break_holder] -->    <iframe<!--___noise___ 1017-->      id=&#8221;kyn-video-iframe&#8221;<!-- [et_pb_line_break_holder] -->      src=&#8221;https:\/\/player.vimeo.com\/video\/1186978242?badge=0&#038;autopause=0&#038;dnt=1&#038;title=0&#038;byline=0&#038;portrait=0&#8243;<!-- [et_pb_line_break_holder] -->      frameborder=&#8221;0&#8243;<!-- [et_pb_line_break_holder] -->      allow=&#8221;autoplay; fullscreen; picture-in-picture; clipboard-write; encrypted-media; web-share&#8221;<!-- [et_pb_line_break_holder] -->      referrerpolicy=&#8221;strict-origin-when-cross-origin&#8221;<!-- [et_pb_line_break_holder] -->      title=&#8221;GPC Connaissez vos chiffres&#8221;><\/iframe><!-- [et_pb_line_break_holder] -->  <\/div>\n<p><!-- [et_pb_line_break_holder] --> <!-- [et_pb_line_break_holder] -->  <pee class=\"kyn-video__hint\" id=\"kyn-video-hint\">Continuez de regarder pour d\u00e9bloquer la prochaine \u00e9tape.<\/pee><!-- [et_pb_line_break_holder] --> <!-- [et_pb_line_break_holder] -->  <\/p>\n<div class=\"kyn-video__footer\"><!-- [et_pb_line_break_holder] -->    <button class=\"kyn-video__next\" id=\"kyn-video-next\">SUIVANT<\/button><!-- [et_pb_line_break_holder] -->  <\/div>\n<p><!-- [et_pb_line_break_holder] --> <!-- [et_pb_line_break_holder] --><\/div>\n<p><!-- [et_pb_line_break_holder] --> <!-- [et_pb_line_break_holder] --><script><!-- [et_pb_line_break_holder] -->(function() {<!-- [et_pb_line_break_holder] -->  var LOCALE = 'fr-CA';<!-- [et_pb_line_break_holder] -->  var NEXT_PAGE_URL = '\/fr\/kyn-quiz-fr\/';<!-- [et_pb_line_break_holder] -->  var COMPLETION_THRESHOLD = 0.85;<!-- [et_pb_line_break_holder] -->  var SDK_FAILSAFE_MS = 8000;<!-- [et_pb_line_break_holder] --> <!-- [et_pb_line_break_holder] -->  var watchedSeconds = 0;<!-- [et_pb_line_break_holder] -->  var lastReportedTime = 0;<!-- [et_pb_line_break_holder] -->  var videoDuration = 0;<!-- [et_pb_line_break_holder] -->  var thresholdReached = false;<!-- [et_pb_line_break_holder] --> <!-- [et_pb_line_break_holder] -->  var hintEl = document.getElementById('kyn-video-hint');<!-- [et_pb_line_break_holder] -->  var nextBtn = document.getElementById('kyn-video-next');<!-- [et_pb_line_break_holder] --> <!-- [et_pb_line_break_holder] -->  function unlockNext() {<!-- [et_pb_line_break_holder] -->    if (thresholdReached) return;<!-- [et_pb_line_break_holder] -->    thresholdReached = true;<!-- [et_pb_line_break_holder] -->    nextBtn.classList.add('is-ready');<!-- [et_pb_line_break_holder] -->    if (hintEl) hintEl.classList.add('is-hidden');<!-- [et_pb_line_break_holder] -->  }<!-- [et_pb_line_break_holder] --> <!-- [et_pb_line_break_holder] -->  nextBtn.addEventListener('click', function() {<!-- [et_pb_line_break_holder] -->    window.location.href = NEXT_PAGE_URL;<!-- [et_pb_line_break_holder] -->  });<!-- [et_pb_line_break_holder] --> <!-- [et_pb_line_break_holder] -->  function initPlayer() {<!-- [et_pb_line_break_holder] -->    if (typeof Vimeo === 'undefined') return false;<!-- [et_pb_line_break_holder] -->    var iframe = document.getElementById('kyn-video-iframe');<!-- [et_pb_line_break_holder] -->    if (!iframe) return false;<!-- [et_pb_line_break_holder] --> <!-- [et_pb_line_break_holder] -->    var player = new Vimeo.Player(iframe);<!-- [et_pb_line_break_holder] --> <!-- [et_pb_line_break_holder] -->    player.getDuration().then(function(d) {<!-- [et_pb_line_break_holder] -->      videoDuration = d || 0;<!-- [et_pb_line_break_holder] -->    }).catch(function() {});<!-- [et_pb_line_break_holder] --> <!-- [et_pb_line_break_holder] -->    player.on('timeupdate', function(data) {<!-- [et_pb_line_break_holder] -->      var currentTime = data.seconds;<!-- [et_pb_line_break_holder] -->      var delta = currentTime - lastReportedTime;<!-- [et_pb_line_break_holder] -->      if (delta > 0 && delta < 2) {<!-- [et_pb_line_break_holder] -->        watchedSeconds += delta;<!-- [et_pb_line_break_holder] -->      }<!-- [et_pb_line_break_holder] -->      lastReportedTime = currentTime;<!-- [et_pb_line_break_holder] -->      if (!thresholdReached && videoDuration > 0) {<!-- [et_pb_line_break_holder] -->        if (watchedSeconds \/ videoDuration >= COMPLETION_THRESHOLD) {<!-- [et_pb_line_break_holder] -->          unlockNext();<!-- [et_pb_line_break_holder] -->        }<!-- [et_pb_line_break_holder] -->      }<!-- [et_pb_line_break_holder] -->    });<!-- [et_pb_line_break_holder] --> <!-- [et_pb_line_break_holder] -->    player.on('ended', function() { unlockNext(); });<!-- [et_pb_line_break_holder] -->    player.on('seeked', function(data) { lastReportedTime = data.seconds; });<!-- [et_pb_line_break_holder] --> <!-- [et_pb_line_break_holder] -->    return true;<!-- [et_pb_line_break_holder] -->  }<!-- [et_pb_line_break_holder] --> <!-- [et_pb_line_break_holder] -->  if (!initPlayer()) {<!-- [et_pb_line_break_holder] -->    if (document.readyState === 'loading') {<!-- [et_pb_line_break_holder] -->      document.addEventListener('DOMContentLoaded', initPlayer);<!-- [et_pb_line_break_holder] -->    } else {<!-- [et_pb_line_break_holder] -->      setTimeout(initPlayer, 500);<!-- [et_pb_line_break_holder] -->    }<!-- [et_pb_line_break_holder] -->  }<!-- [et_pb_line_break_holder] --> <!-- [et_pb_line_break_holder] -->  setTimeout(function() {<!-- [et_pb_line_break_holder] -->    if (!thresholdReached && typeof Vimeo === 'undefined') {<!-- [et_pb_line_break_holder] -->      console.warn('[KYN Video] Vimeo SDK did not load. Unlocking NEXT as failsafe.');<!-- [et_pb_line_break_holder] -->      unlockNext();<!-- [et_pb_line_break_holder] -->    }<!-- [et_pb_line_break_holder] -->  }, SDK_FAILSAFE_MS);<!-- [et_pb_line_break_holder] -->})();<!-- [et_pb_line_break_holder] --><\/script>[\/et_pb_code][\/et_pb_column][\/et_pb_row][\/et_pb_section]<\/p>","protected":false},"excerpt":{"rendered":"","protected":false},"author":2,"featured_media":0,"parent":246,"menu_order":0,"comment_status":"closed","ping_status":"closed","template":"page-template-blank.php","meta":{"_et_pb_use_builder":"on","_et_pb_old_content":"","_et_gb_content_width":"","footnotes":""},"dipi_cpt_category":[],"class_list":["post-249","page","type-page","status-publish","hentry"],"_links":{"self":[{"href":"https:\/\/gpcknowyournumbers.com\/ca\/wp-json\/wp\/v2\/pages\/249","targetHints":{"allow":["GET"]}}],"collection":[{"href":"https:\/\/gpcknowyournumbers.com\/ca\/wp-json\/wp\/v2\/pages"}],"about":[{"href":"https:\/\/gpcknowyournumbers.com\/ca\/wp-json\/wp\/v2\/types\/page"}],"author":[{"embeddable":true,"href":"https:\/\/gpcknowyournumbers.com\/ca\/wp-json\/wp\/v2\/users\/2"}],"replies":[{"embeddable":true,"href":"https:\/\/gpcknowyournumbers.com\/ca\/wp-json\/wp\/v2\/comments?post=249"}],"version-history":[{"count":0,"href":"https:\/\/gpcknowyournumbers.com\/ca\/wp-json\/wp\/v2\/pages\/249\/revisions"}],"up":[{"embeddable":true,"href":"https:\/\/gpcknowyournumbers.com\/ca\/wp-json\/wp\/v2\/pages\/246"}],"wp:attachment":[{"href":"https:\/\/gpcknowyournumbers.com\/ca\/wp-json\/wp\/v2\/media?parent=249"}],"wp:term":[{"taxonomy":"dipi_cpt_category","embeddable":true,"href":"https:\/\/gpcknowyournumbers.com\/ca\/wp-json\/wp\/v2\/dipi_cpt_category?post=249"}],"curies":[{"name":"wp","href":"https:\/\/api.w.org\/{rel}","templated":true}]}}